{"id":975,"date":"2020-06-16T13:50:54","date_gmt":"2020-06-16T11:50:54","guid":{"rendered":"https:\/\/www.nouvellesvagues.fr\/?page_id=975"},"modified":"2025-02-25T18:45:13","modified_gmt":"2025-02-25T17:45:13","slug":"reglement-interieur","status":"publish","type":"page","link":"https:\/\/www.nouvellesvagues.fr\/?page_id=975","title":{"rendered":"R\u00e8glement int\u00e9rieur"},"content":{"rendered":"\t\t<div data-elementor-type=\"wp-page\" data-elementor-id=\"975\" class=\"elementor elementor-975\">\n\t\t\t\t\t\t<section class=\"elementor-section elementor-top-section elementor-element elementor-element-5e82f12 elementor-section-boxed elementor-section-height-default elementor-section-height-default\" data-id=\"5e82f12\" data-element_type=\"section\" data-e-type=\"section\">\n\t\t\t\t\t\t<div class=\"elementor-container elementor-column-gap-default\">\n\t\t\t\t\t<div class=\"elementor-column elementor-col-100 elementor-top-column elementor-element elementor-element-55ca720\" data-id=\"55ca720\" data-element_type=\"column\" data-e-type=\"column\">\n\t\t\t<div class=\"elementor-widget-wrap elementor-element-populated\">\n\t\t\t\t\t\t<div class=\"elementor-element elementor-element-33e0539 elementor-widget elementor-widget-text-editor\" data-id=\"33e0539\" data-element_type=\"widget\" data-e-type=\"widget\" data-widget_type=\"text-editor.default\">\n\t\t\t\t<div class=\"elementor-widget-container\">\n\t\t\t\t\t\t\t\t\t<p><b>ASSOCIATION NOUVELLE VAGUE<\/b><\/p><p><b>TEL : 06.32.45.72.79<\/b><\/p><p><b>SITE : www.nouvellesvagues.fr<\/b><\/p><p><b>\u00a0<\/b><\/p><p>L&rsquo;adh\u00e9sion \u00e0 l&rsquo;association implique l&rsquo;acceptation du pr\u00e9sent r\u00e8glement et celui de la piscine de la ville de Paris.<\/p><p>\u00a0<\/p><p><b>INSCRIPTIONS:<\/b><\/p><p>Les inscriptions pour la saison suivante d\u00e9bute courant\u00a0 juin.<\/p><p>\u00a0<\/p><p>L\u2019inscription se fait en ligne sur notre site internet avec :<\/p><p>&#8211; La fiche d\u2019information<\/p><p>&#8211; Un certificat m\u00e9dical de non contre indication datant de moins de 3 mois (sp\u00e9cifique \u00e0 l\u2019activit\u00e9).<\/p><p>&#8211;\u00a0 La photocopie des vaccins DT POLIO, PENTACOQ, TETRACOQ pour les enfants.<\/p><p>&#8211; Le paiement global par carte bancaire.<\/p><p>\u00a0<\/p><p>La validit\u00e9 du certificat m\u00e9dical est d&rsquo;une saison seulement.<\/p><p><strong>Il EST OBLIGATOIRE ET AUCUN ADH\u00c9RENT NE POURRA PARTICIPER AUX SEANCES SANS L&rsquo; AVOIR FOURNI.<\/strong><\/p><p><strong>\u00a0<\/strong><\/p><p>En cas de changement d&rsquo;adresse, num\u00e9ro de t\u00e9l\u00e9phone (personnel ou professionnel) ou de mail vous devez en informer le bureau de l&rsquo;association afin qu&rsquo;il puisse vous pr\u00e9venir en cas d&rsquo;incident technique et pour que votre courrier arrive \u00e0 destination.<\/p><p>\u00a0<\/p><p>L\u2019association se r\u00e9serve le droit de modification d\u2019une adh\u00e9sion si le niveau natatoire ne correspond pas au cours choisi ou si il y a une erreur lors de l\u2019inscription en ligne.<\/p><p>Un minimum de personnes doivent \u00eatre inscrite par cr\u00e9neau pour que les cours puissent avoir lieu.<\/p><p>\u00a0<\/p><p>Les cours seront assur\u00e9s sous r\u00e9serve d\u2019avoir le personnel encadrant n\u00e9cessaire pour dispenser les cours.<\/p><p>\u00a0<\/p><p><b>ASSURANCE :<\/b><\/p><p>Les adh\u00e9rents peuvent souscrire une assurance compl\u00e9mentaire s\u2019ils souhaitent une protection plus importante.<\/p><p>\u00a0<\/p><p><b>TARIFS ET PAIEMENT<\/b> <b>:<\/b><\/p><p>Le montant de la cotisation comprend les frais d\u2019assurance et un forfait correspondant \u00e0 des prestations pour la saison.<\/p><p>\u00a0<\/p><p>En cas d\u2019interruption de l\u2019activit\u00e9 de votre part, toute ann\u00e9e commenc\u00e9e est due.<\/p><p>\u00a0<\/p><p><b>ATTENTION <\/b>: <strong>AUCUN REMBOURSEMENT NE POURRA AVOIR LIEU EN COURS DE SAISON POUR QUELQUE MOTIF QUE CE SOIT.<\/strong><\/p><p><strong>\u00a0<\/strong><\/p><p><b>RESPONSABILITES :<\/b><\/p><p>Locataire de la piscine et du gymnase, l&rsquo;association Nouvelle Vague ne pourra \u00eatre tenue responsable des \u00e9ventuels vols ou incidents de fonctionnement (chauffage, panne, travaux d&rsquo;entretien en cours de saison, gr\u00e8ve du personnel municipal,&#8230;)<\/p><p>\u00a0<\/p><p>Tout adh\u00e9rent ou visiteur qui, par son comportement, trouble l&rsquo;ordre public, perturbe l&rsquo;organisation des diff\u00e9rentes activit\u00e9s ou porte atteinte aux bonnes m\u0153urs, \u00e0 l&rsquo;hygi\u00e8ne et \u00e0 la s\u00e9curit\u00e9, \u00e0 l&rsquo;int\u00e9grit\u00e9 des immeubles et \u00e9quipements pr\u00e9sents ou \u00e0 l&rsquo;int\u00e9grit\u00e9 physique et morale du personnel pr\u00e9sent pourra \u00eatre imm\u00e9diatement exclu par le bureau de l\u2019association sans \u00eatre rembours\u00e9.<\/p><p>\u00a0<\/p><p>Le Pr\u00e9sident(e) peux agir en justice pour pr\u00e9server et sauvegarder les int\u00e9r\u00eats et les droits de l&rsquo;association.<\/p><p>\u00a0<\/p><p><b>SEANCES \/ HORAIRES<\/b> <b>:<\/b><\/p><p>A chaque s\u00e9ance, veuillez vous pr\u00e9senter aupr\u00e8s de la personne assurant les cours.<\/p><p>\u00a0<\/p><p>Il est imp\u00e9ratif de respecter l\u2019horaire choisi lors de l\u2019inscription, pour des raisons de s\u00e9curit\u00e9 et dans l&rsquo;int\u00e9r\u00eat de tous.<\/p><p>\u00a0<\/p><p>Tout adh\u00e9rent arrivant en retard \u00e0 son cr\u00e9neau horaire devra malgr\u00e9 tout, respecter la fin de son cr\u00e9neau (sauf en cas d&rsquo;autorisation d&rsquo;un \u00e9ducateur sportif).<\/p><p>\u00a0<\/p><p><strong>Nul ne pourra changer de cr\u00e9neau, m\u00eame occasionnellement, sans en avoir fait la demande par t\u00e9l\u00e9phone ou par mail 48H \u00e0 l\u2019avance.<\/strong><\/p><p><strong>\u00a0<\/strong><\/p><p>Les s\u00e9ances ont lieu en dehors des vacances scolaires et des jours f\u00e9ri\u00e9s l\u00e9gaux.<\/p><p>\u00a0<\/p><p>En cas d&rsquo;absence d&rsquo;un animateur de Nouvelle Vague, <strong>L&rsquo;ACCES AU BASSIN OU AU GYMNASE EST STRICTEMENT INTERDIT.<\/strong><\/p><p><strong>\u00a0<\/strong><\/p><p>L&rsquo;attente se fera \u00e0 l&rsquo;ext\u00e9rieur de l&rsquo;\u00e9tablissement, ceci pour des raisons de s\u00e9curit\u00e9 et de responsabilit\u00e9.<\/p><p>\u00a0<\/p><p>Les adh\u00e9rents doivent quitter l&rsquo;\u00e9tablissement un quart d&rsquo;heure apr\u00e8s la fin des cours de natation et une demi-heure apr\u00e8s les cours de b\u00e9b\u00e9 nageur.<\/p><p>\u00a0<\/p><p><strong>LA PRESENCE D\u2019UN ACCOMPAGNATEUR MAJEUR EN BONNE SANTE PAR ENFANT EST OBLIGATOIRE<\/strong> pour les enfants (de 4 mois \u00e0 5 ans) en piscine et (de 1 \u00e0 3 ans) pour la baby-gym. Les enfants sont sous la responsabilit\u00e9 de l\u2019accompagnateur.<\/p><p>\u00a0<\/p><p>Pour les cours sans les parents, l\u2019accompagnateur doit s\u2019assurer de la prise en charge par l\u2019\u00e9ducateur sportif de leur(s) enfant(s) et il doit venir chercher leur(s) enfants d\u00e8s la fin du cours.<\/p><p>\u00a0<\/p><p><b>HYGIENE ET SECURITE<\/b> <b>:<\/b><\/p><p>L&rsquo;association d\u00e9cline toute responsabilit\u00e9 en cas de vol dans les vestiaires ou sur le bord de la piscine.<\/p><p>\u00a0<\/p><p>Veuillez \u00e9viter d\u2019emporter des objets de valeur ou trop d\u2019argent.<\/p><p>\u00a0<\/p><p>Les chaussures de ville doivent \u00eatre retir\u00e9es avant les vestiaires.<\/p><p>\u00a0<\/p><p>Le passage par le p\u00e9diluve et par la douche son obligatoires avant la baignade pour tous les baigneurs.<\/p><p>\u00a0<\/p><p>Les enfants et les accompagnateurs doivent se baigner en maillot de bain et porter un bonnet.<\/p><p>\u00a0<\/p><p><b>La tenue de bain est obligatoire pour tout acc\u00e8s au bord du bassin \u00e9cole<\/b>.<\/p><p>\u00a0<\/p><p>Chacun devra veiller \u00e0 la propret\u00e9 des plages du bassin et des vestiaires. La nourriture n\u2019est pas autoris\u00e9e dans ces lieux.<\/p><p>\u00a0<\/p><p><b>CNIL <\/b>:<\/p><p>Conform\u00e9ment \u00e0 la loi \u00ab informatique et libert\u00e9 \u00bb du 6 janvier 1978 les adh\u00e9rents disposent d\u2019un droit d\u2019acc\u00e8s et de rectification des donn\u00e9es personnelles le concernant.<\/p><p>\u00a0<\/p><p><b>DROIT A L\u2019IMAGE :<\/b><\/p><p>Lors de votre inscription, ou de celle d\u2019un enfant mineur par le repr\u00e9sentant l\u00e9gal, vous acceptez que votre image ou celle de l\u2019enfant (prise lors des activit\u00e9s ou \u00e9v\u00e9nements organis\u00e9s par l\u2019association) soit utilis\u00e9e sur les supports de communication (affiche, site Internet, document \u00e9dit\u00e9 par la Mairie de Paris\u2026)<\/p><p>\u00a0<\/p><p>Le tournage vid\u00e9o personnel ou professionnel de votre part doit faire l\u2019objet d\u2019une demande \u00e9crite ou t\u00e9l\u00e9phonique au moins 15 jours \u00e0 l\u2019avance, aupr\u00e8s de la ville de Paris et de l\u2019association.<\/p><p>\u00a0<\/p><p>Sur simple demande \u00e9crite aupr\u00e8s de l\u2019association, tout participant peut demander \u00e0 ce que son\u00a0 image ne soit pas utilis\u00e9e<\/p>\t\t\t\t\t\t\t\t<\/div>\n\t\t\t\t<\/div>\n\t\t\t\t\t<\/div>\n\t\t<\/div>\n\t\t\t\t\t<\/div>\n\t\t<\/section>\n\t\t\t\t<\/div>\n\t\t","protected":false},"excerpt":{"rendered":"<p>ASSOCIATION NOUVELLE VAGUE TEL : 06.32.45.72.79 SITE : www.nouvellesvagues.fr \u00a0 L&rsquo;adh\u00e9sion \u00e0 l&rsquo;association implique l&rsquo;acceptation du pr\u00e9sent r\u00e8glement et celui de la piscine de la ville de Paris. \u00a0 INSCRIPTIONS: Les inscriptions pour la saison suivante d\u00e9bute courant\u00a0 juin. \u00a0 L\u2019inscription se fait en ligne sur notre site internet avec : &#8211; La fiche d\u2019information [&hellip;]<\/p>\n","protected":false},"author":1,"featured_media":0,"parent":0,"menu_order":0,"comment_status":"closed","ping_status":"closed","template":"","meta":{"footnotes":""},"class_list":["post-975","page","type-page","status-publish","hentry"],"yoast_head":"<!-- This site is optimized with the Yoast SEO plugin v27.3 - https:\/\/yoast.com\/product\/yoast-seo-wordpress\/ -->\n<title>R\u00e8glement int\u00e9rieur - Nouvelles Vagues<\/title>\n<meta name=\"robots\" content=\"index, follow, max-snippet:-1, max-image-preview:large, max-video-preview:-1\" \/>\n<link rel=\"canonical\" href=\"https:\/\/www.nouvellesvagues.fr\/?page_id=975\" \/>\n<meta property=\"og:locale\" content=\"fr_FR\" \/>\n<meta property=\"og:type\" content=\"article\" \/>\n<meta property=\"og:title\" content=\"R\u00e8glement int\u00e9rieur - Nouvelles Vagues\" \/>\n<meta property=\"og:description\" content=\"ASSOCIATION NOUVELLE VAGUE TEL : 06.32.45.72.79 SITE : www.nouvellesvagues.fr \u00a0 L&rsquo;adh\u00e9sion \u00e0 l&rsquo;association implique l&rsquo;acceptation du pr\u00e9sent r\u00e8glement et celui de la piscine de la ville de Paris. \u00a0 INSCRIPTIONS: Les inscriptions pour la saison suivante d\u00e9bute courant\u00a0 juin. \u00a0 L\u2019inscription se fait en ligne sur notre site internet avec : &#8211; La fiche d\u2019information [&hellip;]\" \/>\n<meta property=\"og:url\" content=\"https:\/\/www.nouvellesvagues.fr\/?page_id=975\" \/>\n<meta property=\"og:site_name\" content=\"Nouvelles Vagues\" \/>\n<meta property=\"article:modified_time\" content=\"2025-02-25T17:45:13+00:00\" \/>\n<meta name=\"twitter:card\" content=\"summary_large_image\" \/>\n<meta name=\"twitter:label1\" content=\"Dur\u00e9e de lecture estim\u00e9e\" \/>\n\t<meta name=\"twitter:data1\" content=\"5 minutes\" \/>\n<script type=\"application\/ld+json\" class=\"yoast-schema-graph\">{\"@context\":\"https:\\\/\\\/schema.org\",\"@graph\":[{\"@type\":\"WebPage\",\"@id\":\"https:\\\/\\\/www.nouvellesvagues.fr\\\/?page_id=975\",\"url\":\"https:\\\/\\\/www.nouvellesvagues.fr\\\/?page_id=975\",\"name\":\"R\u00e8glement int\u00e9rieur - Nouvelles Vagues\",\"isPartOf\":{\"@id\":\"https:\\\/\\\/www.nouvellesvagues.fr\\\/#website\"},\"datePublished\":\"2020-06-16T11:50:54+00:00\",\"dateModified\":\"2025-02-25T17:45:13+00:00\",\"breadcrumb\":{\"@id\":\"https:\\\/\\\/www.nouvellesvagues.fr\\\/?page_id=975#breadcrumb\"},\"inLanguage\":\"fr-FR\",\"potentialAction\":[{\"@type\":\"ReadAction\",\"target\":[\"https:\\\/\\\/www.nouvellesvagues.fr\\\/?page_id=975\"]}]},{\"@type\":\"BreadcrumbList\",\"@id\":\"https:\\\/\\\/www.nouvellesvagues.fr\\\/?page_id=975#breadcrumb\",\"itemListElement\":[{\"@type\":\"ListItem\",\"position\":1,\"name\":\"Accueil\",\"item\":\"https:\\\/\\\/www.nouvellesvagues.fr\\\/\"},{\"@type\":\"ListItem\",\"position\":2,\"name\":\"R\u00e8glement int\u00e9rieur\"}]},{\"@type\":\"WebSite\",\"@id\":\"https:\\\/\\\/www.nouvellesvagues.fr\\\/#website\",\"url\":\"https:\\\/\\\/www.nouvellesvagues.fr\\\/\",\"name\":\"Nouvelles Vagues\",\"description\":\"\",\"publisher\":{\"@id\":\"https:\\\/\\\/www.nouvellesvagues.fr\\\/#organization\"},\"potentialAction\":[{\"@type\":\"SearchAction\",\"target\":{\"@type\":\"EntryPoint\",\"urlTemplate\":\"https:\\\/\\\/www.nouvellesvagues.fr\\\/?s={search_term_string}\"},\"query-input\":{\"@type\":\"PropertyValueSpecification\",\"valueRequired\":true,\"valueName\":\"search_term_string\"}}],\"inLanguage\":\"fr-FR\"},{\"@type\":\"Organization\",\"@id\":\"https:\\\/\\\/www.nouvellesvagues.fr\\\/#organization\",\"name\":\"Nouvelles Vagues\",\"url\":\"https:\\\/\\\/www.nouvellesvagues.fr\\\/\",\"logo\":{\"@type\":\"ImageObject\",\"inLanguage\":\"fr-FR\",\"@id\":\"https:\\\/\\\/www.nouvellesvagues.fr\\\/#\\\/schema\\\/logo\\\/image\\\/\",\"url\":\"https:\\\/\\\/www.nouvellesvagues.fr\\\/wp-content\\\/uploads\\\/2020\\\/03\\\/cropped-logo_small-1.gif\",\"contentUrl\":\"https:\\\/\\\/www.nouvellesvagues.fr\\\/wp-content\\\/uploads\\\/2020\\\/03\\\/cropped-logo_small-1.gif\",\"width\":220,\"height\":81,\"caption\":\"Nouvelles Vagues\"},\"image\":{\"@id\":\"https:\\\/\\\/www.nouvellesvagues.fr\\\/#\\\/schema\\\/logo\\\/image\\\/\"}}]}<\/script>\n<!-- \/ Yoast SEO plugin. -->","yoast_head_json":{"title":"R\u00e8glement int\u00e9rieur - Nouvelles Vagues","robots":{"index":"index","follow":"follow","max-snippet":"max-snippet:-1","max-image-preview":"max-image-preview:large","max-video-preview":"max-video-preview:-1"},"canonical":"https:\/\/www.nouvellesvagues.fr\/?page_id=975","og_locale":"fr_FR","og_type":"article","og_title":"R\u00e8glement int\u00e9rieur - Nouvelles Vagues","og_description":"ASSOCIATION NOUVELLE VAGUE TEL : 06.32.45.72.79 SITE : www.nouvellesvagues.fr \u00a0 L&rsquo;adh\u00e9sion \u00e0 l&rsquo;association implique l&rsquo;acceptation du pr\u00e9sent r\u00e8glement et celui de la piscine de la ville de Paris. \u00a0 INSCRIPTIONS: Les inscriptions pour la saison suivante d\u00e9bute courant\u00a0 juin. \u00a0 L\u2019inscription se fait en ligne sur notre site internet avec : &#8211; La fiche d\u2019information [&hellip;]","og_url":"https:\/\/www.nouvellesvagues.fr\/?page_id=975","og_site_name":"Nouvelles Vagues","article_modified_time":"2025-02-25T17:45:13+00:00","twitter_card":"summary_large_image","twitter_misc":{"Dur\u00e9e de lecture estim\u00e9e":"5 minutes"},"schema":{"@context":"https:\/\/schema.org","@graph":[{"@type":"WebPage","@id":"https:\/\/www.nouvellesvagues.fr\/?page_id=975","url":"https:\/\/www.nouvellesvagues.fr\/?page_id=975","name":"R\u00e8glement int\u00e9rieur - Nouvelles Vagues","isPartOf":{"@id":"https:\/\/www.nouvellesvagues.fr\/#website"},"datePublished":"2020-06-16T11:50:54+00:00","dateModified":"2025-02-25T17:45:13+00:00","breadcrumb":{"@id":"https:\/\/www.nouvellesvagues.fr\/?page_id=975#breadcrumb"},"inLanguage":"fr-FR","potentialAction":[{"@type":"ReadAction","target":["https:\/\/www.nouvellesvagues.fr\/?page_id=975"]}]},{"@type":"BreadcrumbList","@id":"https:\/\/www.nouvellesvagues.fr\/?page_id=975#breadcrumb","itemListElement":[{"@type":"ListItem","position":1,"name":"Accueil","item":"https:\/\/www.nouvellesvagues.fr\/"},{"@type":"ListItem","position":2,"name":"R\u00e8glement int\u00e9rieur"}]},{"@type":"WebSite","@id":"https:\/\/www.nouvellesvagues.fr\/#website","url":"https:\/\/www.nouvellesvagues.fr\/","name":"Nouvelles Vagues","description":"","publisher":{"@id":"https:\/\/www.nouvellesvagues.fr\/#organization"},"potentialAction":[{"@type":"SearchAction","target":{"@type":"EntryPoint","urlTemplate":"https:\/\/www.nouvellesvagues.fr\/?s={search_term_string}"},"query-input":{"@type":"PropertyValueSpecification","valueRequired":true,"valueName":"search_term_string"}}],"inLanguage":"fr-FR"},{"@type":"Organization","@id":"https:\/\/www.nouvellesvagues.fr\/#organization","name":"Nouvelles Vagues","url":"https:\/\/www.nouvellesvagues.fr\/","logo":{"@type":"ImageObject","inLanguage":"fr-FR","@id":"https:\/\/www.nouvellesvagues.fr\/#\/schema\/logo\/image\/","url":"https:\/\/www.nouvellesvagues.fr\/wp-content\/uploads\/2020\/03\/cropped-logo_small-1.gif","contentUrl":"https:\/\/www.nouvellesvagues.fr\/wp-content\/uploads\/2020\/03\/cropped-logo_small-1.gif","width":220,"height":81,"caption":"Nouvelles Vagues"},"image":{"@id":"https:\/\/www.nouvellesvagues.fr\/#\/schema\/logo\/image\/"}}]}},"_links":{"self":[{"href":"https:\/\/www.nouvellesvagues.fr\/index.php?rest_route=\/wp\/v2\/pages\/975","targetHints":{"allow":["GET"]}}],"collection":[{"href":"https:\/\/www.nouvellesvagues.fr\/index.php?rest_route=\/wp\/v2\/pages"}],"about":[{"href":"https:\/\/www.nouvellesvagues.fr\/index.php?rest_route=\/wp\/v2\/types\/page"}],"author":[{"embeddable":true,"href":"https:\/\/www.nouvellesvagues.fr\/index.php?rest_route=\/wp\/v2\/users\/1"}],"replies":[{"embeddable":true,"href":"https:\/\/www.nouvellesvagues.fr\/index.php?rest_route=%2Fwp%2Fv2%2Fcomments&post=975"}],"version-history":[{"count":45,"href":"https:\/\/www.nouvellesvagues.fr\/index.php?rest_route=\/wp\/v2\/pages\/975\/revisions"}],"predecessor-version":[{"id":6959,"href":"https:\/\/www.nouvellesvagues.fr\/index.php?rest_route=\/wp\/v2\/pages\/975\/revisions\/6959"}],"wp:attachment":[{"href":"https:\/\/www.nouvellesvagues.fr\/index.php?rest_route=%2Fwp%2Fv2%2Fmedia&parent=975"}],"curies":[{"name":"wp","href":"https:\/\/api.w.org\/{rel}","templated":true}]}}