{"id":201,"date":"2020-03-11T15:22:35","date_gmt":"2020-03-11T14:22:35","guid":{"rendered":"https:\/\/www.nouvellesvagues.fr\/?page_id=201"},"modified":"2024-03-31T22:37:46","modified_gmt":"2024-03-31T20:37:46","slug":"commande-2","status":"publish","type":"page","link":"https:\/\/www.nouvellesvagues.fr\/?page_id=201","title":{"rendered":"Commande"},"content":{"rendered":"\t\t<div data-elementor-type=\"wp-page\" data-elementor-id=\"201\" class=\"elementor elementor-201\">\n\t\t\t\t\t\t<section class=\"elementor-section elementor-top-section elementor-element elementor-element-b808cc2 elementor-section-boxed elementor-section-height-default elementor-section-height-default\" data-id=\"b808cc2\" data-element_type=\"section\" data-e-type=\"section\">\n\t\t\t\t\t\t<div class=\"elementor-container elementor-column-gap-default\">\n\t\t\t\t\t<div class=\"elementor-column elementor-col-100 elementor-top-column elementor-element elementor-element-3f9be99\" data-id=\"3f9be99\" data-element_type=\"column\" data-e-type=\"column\">\n\t\t\t<div class=\"elementor-widget-wrap elementor-element-populated\">\n\t\t\t\t\t\t<div class=\"elementor-element elementor-element-daa71ab elementor-widget elementor-widget-heading\" data-id=\"daa71ab\" data-element_type=\"widget\" data-e-type=\"widget\" data-widget_type=\"heading.default\">\n\t\t\t\t<div class=\"elementor-widget-container\">\n\t\t\t\t\t<h2 class=\"elementor-heading-title elementor-size-default\">Promotion<\/h2>\t\t\t\t<\/div>\n\t\t\t\t<\/div>\n\t\t\t\t\t<\/div>\n\t\t<\/div>\n\t\t\t\t\t<\/div>\n\t\t<\/section>\n\t\t\t\t<section class=\"elementor-section elementor-top-section elementor-element elementor-element-28905b9 elementor-section-boxed elementor-section-height-default elementor-section-height-default\" data-id=\"28905b9\" data-element_type=\"section\" data-e-type=\"section\">\n\t\t\t\t\t\t<div class=\"elementor-container elementor-column-gap-default\">\n\t\t\t\t\t<div class=\"elementor-column elementor-col-33 elementor-top-column elementor-element elementor-element-d68a4ee\" data-id=\"d68a4ee\" data-element_type=\"column\" data-e-type=\"column\">\n\t\t\t<div class=\"elementor-widget-wrap elementor-element-populated\">\n\t\t\t\t\t\t<div class=\"elementor-element elementor-element-5d8a8b3 elementor-widget elementor-widget-heading\" data-id=\"5d8a8b3\" data-element_type=\"widget\" data-e-type=\"widget\" data-widget_type=\"heading.default\">\n\t\t\t\t<div class=\"elementor-widget-container\">\n\t\t\t\t\t<h2 class=\"elementor-heading-title elementor-size-default\">mt4nbtym<\/h2>\t\t\t\t<\/div>\n\t\t\t\t<\/div>\n\t\t\t\t<div class=\"elementor-element elementor-element-f791f92 elementor-widget elementor-widget-text-editor\" data-id=\"f791f92\" data-element_type=\"widget\" data-e-type=\"widget\" data-widget_type=\"text-editor.default\">\n\t\t\t\t<div class=\"elementor-widget-container\">\n\t\t\t\t\t\t\t\t\t<p>&#8211; 50% pour l&rsquo;inscription du troisi\u00e8me enfant de la m\u00eame famille (fr\u00e8re et soeur) <br><\/p>\t\t\t\t\t\t\t\t<\/div>\n\t\t\t\t<\/div>\n\t\t\t\t\t<\/div>\n\t\t<\/div>\n\t\t\t\t<div class=\"elementor-column elementor-col-33 elementor-top-column elementor-element elementor-element-8e84fb1\" data-id=\"8e84fb1\" data-element_type=\"column\" data-e-type=\"column\">\n\t\t\t<div class=\"elementor-widget-wrap\">\n\t\t\t\t\t\t\t<\/div>\n\t\t<\/div>\n\t\t\t\t<div class=\"elementor-column elementor-col-33 elementor-top-column elementor-element elementor-element-2c5699b\" data-id=\"2c5699b\" data-element_type=\"column\" data-e-type=\"column\">\n\t\t\t<div class=\"elementor-widget-wrap\">\n\t\t\t\t\t\t\t<\/div>\n\t\t<\/div>\n\t\t\t\t\t<\/div>\n\t\t<\/section>\n\t\t\t\t<section class=\"elementor-section elementor-top-section elementor-element elementor-element-52dad77f elementor-section-boxed elementor-section-height-default elementor-section-height-default\" data-id=\"52dad77f\" data-element_type=\"section\" data-e-type=\"section\">\n\t\t\t\t\t\t<div class=\"elementor-container elementor-column-gap-default\">\n\t\t\t\t\t<div class=\"elementor-column elementor-col-100 elementor-top-column elementor-element elementor-element-2ed45d2\" data-id=\"2ed45d2\" data-element_type=\"column\" data-e-type=\"column\">\n\t\t\t<div class=\"elementor-widget-wrap elementor-element-populated\">\n\t\t\t\t\t\t<div class=\"elementor-element elementor-element-44c02abe elementor-widget elementor-widget-text-editor\" data-id=\"44c02abe\" data-element_type=\"widget\" data-e-type=\"widget\" data-widget_type=\"text-editor.default\">\n\t\t\t\t<div class=\"elementor-widget-container\">\n\t\t\t\t\t\t\t\t\t[download_checkout]\t\t\t\t\t\t\t\t<\/div>\n\t\t\t\t<\/div>\n\t\t\t\t\t<\/div>\n\t\t<\/div>\n\t\t\t\t\t<\/div>\n\t\t<\/section>\n\t\t\t\t<\/div>\n\t\t","protected":false},"excerpt":{"rendered":"<p>Promotion mt4nbtym &#8211; 50% pour l&rsquo;inscription du troisi\u00e8me enfant de la m\u00eame famille (fr\u00e8re et soeur) [download_checkout]<\/p>\n","protected":false},"author":1,"featured_media":0,"parent":0,"menu_order":0,"comment_status":"closed","ping_status":"closed","template":"","meta":{"footnotes":""},"class_list":["post-201","page","type-page","status-publish","hentry"],"yoast_head":"<!-- This site is optimized with the Yoast SEO plugin v27.3 - https:\/\/yoast.com\/product\/yoast-seo-wordpress\/ -->\n<title>Commande - Nouvelles Vagues<\/title>\n<meta name=\"robots\" content=\"index, follow, max-snippet:-1, max-image-preview:large, max-video-preview:-1\" \/>\n<link rel=\"canonical\" href=\"https:\/\/www.nouvellesvagues.fr\/?page_id=201\" \/>\n<meta property=\"og:locale\" content=\"fr_FR\" \/>\n<meta property=\"og:type\" content=\"article\" \/>\n<meta property=\"og:title\" content=\"Commande - Nouvelles Vagues\" \/>\n<meta property=\"og:description\" content=\"Promotion mt4nbtym &#8211; 50% pour l&rsquo;inscription du troisi\u00e8me enfant de la m\u00eame famille (fr\u00e8re et soeur) [download_checkout]\" \/>\n<meta property=\"og:url\" content=\"https:\/\/www.nouvellesvagues.fr\/?page_id=201\" \/>\n<meta property=\"og:site_name\" content=\"Nouvelles Vagues\" \/>\n<meta property=\"article:modified_time\" content=\"2024-03-31T20:37:46+00:00\" \/>\n<meta name=\"twitter:card\" content=\"summary_large_image\" \/>\n<meta name=\"twitter:label1\" content=\"Dur\u00e9e de lecture estim\u00e9e\" \/>\n\t<meta name=\"twitter:data1\" content=\"1 minute\" \/>\n<script type=\"application\/ld+json\" class=\"yoast-schema-graph\">{\"@context\":\"https:\\\/\\\/schema.org\",\"@graph\":[{\"@type\":\"WebPage\",\"@id\":\"https:\\\/\\\/www.nouvellesvagues.fr\\\/?page_id=201\",\"url\":\"https:\\\/\\\/www.nouvellesvagues.fr\\\/?page_id=201\",\"name\":\"Commande - Nouvelles Vagues\",\"isPartOf\":{\"@id\":\"https:\\\/\\\/www.nouvellesvagues.fr\\\/#website\"},\"datePublished\":\"2020-03-11T14:22:35+00:00\",\"dateModified\":\"2024-03-31T20:37:46+00:00\",\"breadcrumb\":{\"@id\":\"https:\\\/\\\/www.nouvellesvagues.fr\\\/?page_id=201#breadcrumb\"},\"inLanguage\":\"fr-FR\",\"potentialAction\":[{\"@type\":\"ReadAction\",\"target\":[\"https:\\\/\\\/www.nouvellesvagues.fr\\\/?page_id=201\"]}]},{\"@type\":\"BreadcrumbList\",\"@id\":\"https:\\\/\\\/www.nouvellesvagues.fr\\\/?page_id=201#breadcrumb\",\"itemListElement\":[{\"@type\":\"ListItem\",\"position\":1,\"name\":\"Accueil\",\"item\":\"https:\\\/\\\/www.nouvellesvagues.fr\\\/\"},{\"@type\":\"ListItem\",\"position\":2,\"name\":\"Commande\"}]},{\"@type\":\"WebSite\",\"@id\":\"https:\\\/\\\/www.nouvellesvagues.fr\\\/#website\",\"url\":\"https:\\\/\\\/www.nouvellesvagues.fr\\\/\",\"name\":\"Nouvelles Vagues\",\"description\":\"\",\"publisher\":{\"@id\":\"https:\\\/\\\/www.nouvellesvagues.fr\\\/#organization\"},\"potentialAction\":[{\"@type\":\"SearchAction\",\"target\":{\"@type\":\"EntryPoint\",\"urlTemplate\":\"https:\\\/\\\/www.nouvellesvagues.fr\\\/?s={search_term_string}\"},\"query-input\":{\"@type\":\"PropertyValueSpecification\",\"valueRequired\":true,\"valueName\":\"search_term_string\"}}],\"inLanguage\":\"fr-FR\"},{\"@type\":\"Organization\",\"@id\":\"https:\\\/\\\/www.nouvellesvagues.fr\\\/#organization\",\"name\":\"Nouvelles Vagues\",\"url\":\"https:\\\/\\\/www.nouvellesvagues.fr\\\/\",\"logo\":{\"@type\":\"ImageObject\",\"inLanguage\":\"fr-FR\",\"@id\":\"https:\\\/\\\/www.nouvellesvagues.fr\\\/#\\\/schema\\\/logo\\\/image\\\/\",\"url\":\"https:\\\/\\\/www.nouvellesvagues.fr\\\/wp-content\\\/uploads\\\/2020\\\/03\\\/cropped-logo_small-1.gif\",\"contentUrl\":\"https:\\\/\\\/www.nouvellesvagues.fr\\\/wp-content\\\/uploads\\\/2020\\\/03\\\/cropped-logo_small-1.gif\",\"width\":220,\"height\":81,\"caption\":\"Nouvelles Vagues\"},\"image\":{\"@id\":\"https:\\\/\\\/www.nouvellesvagues.fr\\\/#\\\/schema\\\/logo\\\/image\\\/\"}}]}<\/script>\n<!-- \/ Yoast SEO plugin. -->","yoast_head_json":{"title":"Commande - Nouvelles Vagues","robots":{"index":"index","follow":"follow","max-snippet":"max-snippet:-1","max-image-preview":"max-image-preview:large","max-video-preview":"max-video-preview:-1"},"canonical":"https:\/\/www.nouvellesvagues.fr\/?page_id=201","og_locale":"fr_FR","og_type":"article","og_title":"Commande - Nouvelles Vagues","og_description":"Promotion mt4nbtym &#8211; 50% pour l&rsquo;inscription du troisi\u00e8me enfant de la m\u00eame famille (fr\u00e8re et soeur) [download_checkout]","og_url":"https:\/\/www.nouvellesvagues.fr\/?page_id=201","og_site_name":"Nouvelles Vagues","article_modified_time":"2024-03-31T20:37:46+00:00","twitter_card":"summary_large_image","twitter_misc":{"Dur\u00e9e de lecture estim\u00e9e":"1 minute"},"schema":{"@context":"https:\/\/schema.org","@graph":[{"@type":"WebPage","@id":"https:\/\/www.nouvellesvagues.fr\/?page_id=201","url":"https:\/\/www.nouvellesvagues.fr\/?page_id=201","name":"Commande - Nouvelles Vagues","isPartOf":{"@id":"https:\/\/www.nouvellesvagues.fr\/#website"},"datePublished":"2020-03-11T14:22:35+00:00","dateModified":"2024-03-31T20:37:46+00:00","breadcrumb":{"@id":"https:\/\/www.nouvellesvagues.fr\/?page_id=201#breadcrumb"},"inLanguage":"fr-FR","potentialAction":[{"@type":"ReadAction","target":["https:\/\/www.nouvellesvagues.fr\/?page_id=201"]}]},{"@type":"BreadcrumbList","@id":"https:\/\/www.nouvellesvagues.fr\/?page_id=201#breadcrumb","itemListElement":[{"@type":"ListItem","position":1,"name":"Accueil","item":"https:\/\/www.nouvellesvagues.fr\/"},{"@type":"ListItem","position":2,"name":"Commande"}]},{"@type":"WebSite","@id":"https:\/\/www.nouvellesvagues.fr\/#website","url":"https:\/\/www.nouvellesvagues.fr\/","name":"Nouvelles Vagues","description":"","publisher":{"@id":"https:\/\/www.nouvellesvagues.fr\/#organization"},"potentialAction":[{"@type":"SearchAction","target":{"@type":"EntryPoint","urlTemplate":"https:\/\/www.nouvellesvagues.fr\/?s={search_term_string}"},"query-input":{"@type":"PropertyValueSpecification","valueRequired":true,"valueName":"search_term_string"}}],"inLanguage":"fr-FR"},{"@type":"Organization","@id":"https:\/\/www.nouvellesvagues.fr\/#organization","name":"Nouvelles Vagues","url":"https:\/\/www.nouvellesvagues.fr\/","logo":{"@type":"ImageObject","inLanguage":"fr-FR","@id":"https:\/\/www.nouvellesvagues.fr\/#\/schema\/logo\/image\/","url":"https:\/\/www.nouvellesvagues.fr\/wp-content\/uploads\/2020\/03\/cropped-logo_small-1.gif","contentUrl":"https:\/\/www.nouvellesvagues.fr\/wp-content\/uploads\/2020\/03\/cropped-logo_small-1.gif","width":220,"height":81,"caption":"Nouvelles Vagues"},"image":{"@id":"https:\/\/www.nouvellesvagues.fr\/#\/schema\/logo\/image\/"}}]}},"_links":{"self":[{"href":"https:\/\/www.nouvellesvagues.fr\/index.php?rest_route=\/wp\/v2\/pages\/201","targetHints":{"allow":["GET"]}}],"collection":[{"href":"https:\/\/www.nouvellesvagues.fr\/index.php?rest_route=\/wp\/v2\/pages"}],"about":[{"href":"https:\/\/www.nouvellesvagues.fr\/index.php?rest_route=\/wp\/v2\/types\/page"}],"author":[{"embeddable":true,"href":"https:\/\/www.nouvellesvagues.fr\/index.php?rest_route=\/wp\/v2\/users\/1"}],"replies":[{"embeddable":true,"href":"https:\/\/www.nouvellesvagues.fr\/index.php?rest_route=%2Fwp%2Fv2%2Fcomments&post=201"}],"version-history":[{"count":5,"href":"https:\/\/www.nouvellesvagues.fr\/index.php?rest_route=\/wp\/v2\/pages\/201\/revisions"}],"predecessor-version":[{"id":5118,"href":"https:\/\/www.nouvellesvagues.fr\/index.php?rest_route=\/wp\/v2\/pages\/201\/revisions\/5118"}],"wp:attachment":[{"href":"https:\/\/www.nouvellesvagues.fr\/index.php?rest_route=%2Fwp%2Fv2%2Fmedia&parent=201"}],"curies":[{"name":"wp","href":"https:\/\/api.w.org\/{rel}","templated":true}]}}